{"id":9253,"date":"2023-10-23T14:22:55","date_gmt":"2023-10-23T14:22:55","guid":{"rendered":"https:\/\/arcalum.cl\/?page_id=9253"},"modified":"2025-04-21T14:21:05","modified_gmt":"2025-04-21T14:21:05","slug":"nosotros-2","status":"publish","type":"page","link":"https:\/\/arcalum.cl\/index.php\/nosotros-2\/","title":{"rendered":"Nosotros"},"content":{"rendered":"<section class=\"l-section wpb_row height_auto\"><div class=\"l-section-h i-cf\"><div class=\"g-cols vc_row via_grid cols_1 laptops-cols_inherit tablets-cols_inherit mobiles-cols_1 valign_top type_default stacking_default\"><div class=\"wpb_column vc_column_container\"><div class=\"vc_column-inner\"><div class=\"w-separator size_medium\"><\/div><\/div><\/div><\/div><\/div><\/section><section class=\"l-section wpb_row us_custom_f34005f5 height_auto width_full\" id=\"etiqueta\"><div class=\"l-section-h i-cf\"><div class=\"g-cols vc_row via_grid cols_2 laptops-cols_inherit tablets-cols_inherit mobiles-cols_1 valign_top type_default stacking_default\" style=\"--gap:0rem;\"><div class=\"wpb_column vc_column_container us_custom_65af6870 has_bg_color\" id=\"flecha\"><div class=\"vc_column-inner\"><div class=\"w-vwrapper align_none valign_middle\"><div class=\"w-image us_custom_29a46200 align_none\"><div class=\"w-image-h\"><img decoding=\"async\" width=\"1024\" height=\"358\" src=\"https:\/\/arcalum.cl\/wp-content\/uploads\/2023\/10\/ARCALUMLOGO-1024x358.png\" class=\"attachment-large size-large\" alt=\"\" loading=\"lazy\" srcset=\"https:\/\/arcalum.cl\/wp-content\/uploads\/2023\/10\/ARCALUMLOGO-1024x358.png 1024w, https:\/\/arcalum.cl\/wp-content\/uploads\/2023\/10\/ARCALUMLOGO-300x105.png 300w, https:\/\/arcalum.cl\/wp-content\/uploads\/2023\/10\/ARCALUMLOGO-1536x538.png 1536w, https:\/\/arcalum.cl\/wp-content\/uploads\/2023\/10\/ARCALUMLOGO-600x210.png 600w\" sizes=\"(max-width: 1024px) 100vw, 1024px\" \/><\/div><\/div><\/div><\/div><\/div><div class=\"wpb_column vc_column_container us_custom_a1ca7349 has_bg_color\"><div class=\"vc_column-inner\"><div class=\"w-separator size_small\"><\/div><div class=\"wpb_text_column us_custom_a3a86014\"><div class=\"wpb_wrapper\"><p style=\"text-align: justify;\">Nos dedicamos a la excelencia en la fabricaci\u00f3n e instalaci\u00f3n de ventanas a medida que transforman espacios y mejoran la calidad de vida con <strong>a\u00f1os de experiencia en la industria.<\/strong><\/p>\n<p>Nuestro compromiso no termina en la fabricaci\u00f3n; nuestro equipo de instaladores altamente capacitados garantiza que cada ventana se ajuste a la perfecci\u00f3n, brindando confort y seguridad a su hogar. La satisfacci\u00f3n del cliente es nuestra prioridad, y estamos comprometidos a ofrecer <strong>productos de calidad y un servicio excepcional.<\/strong><\/p>\n<\/div><\/div><div class=\"w-separator size_small\"><\/div><\/div><\/div><\/div><\/div><\/section><section class=\"l-section wpb_row height_auto width_full\"><div class=\"l-section-h i-cf\"><div class=\"g-cols vc_row via_grid cols_2-3 laptops-cols_inherit tablets-cols_inherit mobiles-cols_1 valign_top type_default stacking_default\" style=\"--gap:0rem;\"><div class=\"wpb_column vc_column_container us_custom_29aadbff has_bg_color\"><div class=\"vc_column-inner\"><div class=\"w-separator size_small\"><\/div><div class=\"wpb_text_column us_custom_f262c26a has_text_color\"><div class=\"wpb_wrapper\"><p style=\"text-align: justify;\">Nos distingue el deseo de crecer y la valoraci\u00f3n del cliente como premisa. Tenemos como norma el respeto y el orden en cada trabajo, intentando lograr en cada uno de nuestros productos calidad y detalles est\u00e9ticos de terminaci\u00f3n.<\/p>\n<\/div><\/div><div class=\"w-separator size_medium\"><\/div><div class=\"w-separator size_small\"><\/div><\/div><\/div><div class=\"wpb_column vc_column_container us_custom_057801f8 has_bg_color\" id=\"fila2\"><div class=\"vc_column-inner\"><div class=\"w-separator size_medium\"><\/div><div class=\"w-hwrapper valign_top align_none\" style=\"--hwrapper-gap:0rem\"><div class=\"w-html us_custom_56478744\"><div>\n\t\n<\/div><\/div><div class=\"w-vwrapper align_none valign_top\"><div class=\"w-iconbox us_custom_7c8891c5 has_text_color iconpos_left style_default color_custom align_left no_text\"><div class=\"w-iconbox-icon\" style=\"font-size:2rem;--icon-color:#041735;\"><i class=\"fas fa-caret-right\"><\/i><\/div><div class=\"w-iconbox-meta\"><h4 class=\"w-iconbox-title\">Fabricaci\u00f3n e instalaci\u00f3n de Termopaneles<\/h4><\/div><\/div><div class=\"w-iconbox us_custom_7c8891c5 has_text_color iconpos_left style_default color_custom align_left no_text\"><div class=\"w-iconbox-icon\" style=\"font-size:2rem;--icon-color:#041735;\"><i class=\"fas fa-caret-right\"><\/i><\/div><div class=\"w-iconbox-meta\"><h4 class=\"w-iconbox-title\">Ventanas de aluminio y PVC<\/h4><\/div><\/div><div class=\"w-iconbox us_custom_bec2661f has_text_color iconpos_left style_default color_custom align_left no_text\"><div class=\"w-iconbox-icon\" style=\"font-size:2rem;--icon-color:#041735;\"><i class=\"fas fa-caret-right\"><\/i><\/div><div class=\"w-iconbox-meta\"><h4 class=\"w-iconbox-title\">Barandas de Vidrio tempado y Acero<\/h4><\/div><\/div><div class=\"w-iconbox us_custom_7c8891c5 has_text_color iconpos_left style_default color_custom align_left no_text\"><div class=\"w-iconbox-icon\" style=\"font-size:2rem;--icon-color:#041735;\"><i class=\"fas fa-caret-right\"><\/i><\/div><div class=\"w-iconbox-meta\"><h4 class=\"w-iconbox-title\">Mamparas de Ba\u00f1o<\/h4><\/div><\/div><div class=\"w-iconbox us_custom_bec2661f has_text_color iconpos_left style_default color_custom align_left no_text\"><div class=\"w-iconbox-icon\" style=\"font-size:2rem;--icon-color:#041735;\"><i class=\"fas fa-caret-right\"><\/i><\/div><div class=\"w-iconbox-meta\"><h4 class=\"w-iconbox-title\">Etc.<\/h4><\/div><\/div><div class=\"w-separator size_small\"><\/div><\/div><\/div><div class=\"w-separator size_small\"><\/div><div class=\"w-btn-wrapper align_center\"><a class=\"w-btn us-btn-style_1 us_custom_446b2803\" href=\"http:\/\/arcalum.cl\/contacto\/\"><span class=\"w-btn-label\">CONT\u00c1CTANOS<\/span><\/a><\/div><\/div><\/div><\/div><\/div><\/section>\n","protected":false},"excerpt":{"rendered":"Nos dedicamos a la excelencia en la fabricaci\u00f3n e instalaci\u00f3n de ventanas a medida que transforman espacios y mejoran la calidad de vida con a\u00f1os de experiencia en la industria. Nuestro compromiso no termina en la fabricaci\u00f3n; nuestro equipo de instaladores altamente capacitados garantiza que cada ventana se ajuste a la perfecci\u00f3n, brindando confort y...","protected":false},"author":3,"featured_media":0,"parent":0,"menu_order":0,"comment_status":"closed","ping_status":"closed","template":"","meta":{"_joinchat":[],"footnotes":""},"class_list":["post-9253","page","type-page","status-publish","hentry"],"acf":[],"_links":{"self":[{"href":"https:\/\/arcalum.cl\/index.php\/wp-json\/wp\/v2\/pages\/9253"}],"collection":[{"href":"https:\/\/arcalum.cl\/index.php\/wp-json\/wp\/v2\/pages"}],"about":[{"href":"https:\/\/arcalum.cl\/index.php\/wp-json\/wp\/v2\/types\/page"}],"author":[{"embeddable":true,"href":"https:\/\/arcalum.cl\/index.php\/wp-json\/wp\/v2\/users\/3"}],"replies":[{"embeddable":true,"href":"https:\/\/arcalum.cl\/index.php\/wp-json\/wp\/v2\/comments?post=9253"}],"version-history":[{"count":7,"href":"https:\/\/arcalum.cl\/index.php\/wp-json\/wp\/v2\/pages\/9253\/revisions"}],"predecessor-version":[{"id":9891,"href":"https:\/\/arcalum.cl\/index.php\/wp-json\/wp\/v2\/pages\/9253\/revisions\/9891"}],"wp:attachment":[{"href":"https:\/\/arcalum.cl\/index.php\/wp-json\/wp\/v2\/media?parent=9253"}],"curies":[{"name":"wp","href":"https:\/\/api.w.org\/{rel}","templated":true}]}}