{"id":9413,"date":"2023-10-26T18:27:56","date_gmt":"2023-10-26T18:27:56","guid":{"rendered":"https:\/\/arcalum.cl\/?post_type=product&#038;p=9413"},"modified":"2025-04-21T16:46:12","modified_gmt":"2025-04-21T16:46:12","slug":"cierre-de-terrazas","status":"publish","type":"product","link":"https:\/\/arcalum.cl\/index.php\/producto\/cierre-de-terrazas\/","title":{"rendered":"Ventanas para cierre"},"content":{"rendered":"","protected":false},"excerpt":{"rendered":"<p style=\"text-align: justify;\">Las \u00abventanas para cierre\u00bb son elementos arquitect\u00f3nicos dise\u00f1ados espec\u00edficamente para cerrar o sellar una abertura en una estructura, como una ventana. Se utilizan com\u00fanmente en contextos donde es necesario asegurar o proteger un espacio, como en viviendas, locales comerciales, oficinas u otros edificios.<\/p>\n","protected":false},"featured_media":9433,"template":"","meta":{"_joinchat":[]},"product_cat":[113],"product_tag":[],"class_list":{"0":"post-9413","1":"product","2":"type-product","3":"status-publish","4":"has-post-thumbnail","6":"product_cat-ventanas","8":"first","9":"instock","10":"shipping-taxable","11":"product-type-simple"},"acf":[],"_links":{"self":[{"href":"https:\/\/arcalum.cl\/index.php\/wp-json\/wp\/v2\/product\/9413"}],"collection":[{"href":"https:\/\/arcalum.cl\/index.php\/wp-json\/wp\/v2\/product"}],"about":[{"href":"https:\/\/arcalum.cl\/index.php\/wp-json\/wp\/v2\/types\/product"}],"wp:featuredmedia":[{"embeddable":true,"href":"https:\/\/arcalum.cl\/index.php\/wp-json\/wp\/v2\/media\/9433"}],"wp:attachment":[{"href":"https:\/\/arcalum.cl\/index.php\/wp-json\/wp\/v2\/media?parent=9413"}],"wp:term":[{"taxonomy":"product_cat","embeddable":true,"href":"https:\/\/arcalum.cl\/index.php\/wp-json\/wp\/v2\/product_cat?post=9413"},{"taxonomy":"product_tag","embeddable":true,"href":"https:\/\/arcalum.cl\/index.php\/wp-json\/wp\/v2\/product_tag?post=9413"}],"curies":[{"name":"wp","href":"https:\/\/api.w.org\/{rel}","templated":true}]}}