{"id":9452,"date":"2023-10-26T18:30:58","date_gmt":"2023-10-26T18:30:58","guid":{"rendered":"https:\/\/arcalum.cl\/?post_type=product&#038;p=9452"},"modified":"2025-04-21T14:35:43","modified_gmt":"2025-04-21T14:35:43","slug":"bow-windows","status":"publish","type":"product","link":"https:\/\/arcalum.cl\/index.php\/producto\/bow-windows\/","title":{"rendered":"Bow windows"},"content":{"rendered":"","protected":false},"excerpt":{"rendered":"<p style=\"text-align: justify;\">Un bow windows es un tipo de ventana que se distingue por su dise\u00f1o curvo o arqueado, que sobresale del exterior de un edificio. Consiste en una serie de paneles de vidrio que se extienden desde la estructura principal de la pared hacia el exterior en forma de arco suave o semi-circular. Este estilo arquitect\u00f3nico \u00fanico agrega un toque de elegancia y sofisticaci\u00f3n a cualquier espacio, al tiempo que proporciona una vista panor\u00e1mica del entorno exterior.<\/p>\n","protected":false},"featured_media":9414,"template":"","meta":{"_joinchat":[]},"product_cat":[124,113],"product_tag":[],"class_list":{"0":"post-9452","1":"product","2":"type-product","3":"status-publish","4":"has-post-thumbnail","6":"product_cat-destacados-tipo-de-ventana","7":"product_cat-ventanas","9":"first","10":"instock","11":"shipping-taxable","12":"product-type-simple"},"acf":[],"_links":{"self":[{"href":"https:\/\/arcalum.cl\/index.php\/wp-json\/wp\/v2\/product\/9452"}],"collection":[{"href":"https:\/\/arcalum.cl\/index.php\/wp-json\/wp\/v2\/product"}],"about":[{"href":"https:\/\/arcalum.cl\/index.php\/wp-json\/wp\/v2\/types\/product"}],"wp:featuredmedia":[{"embeddable":true,"href":"https:\/\/arcalum.cl\/index.php\/wp-json\/wp\/v2\/media\/9414"}],"wp:attachment":[{"href":"https:\/\/arcalum.cl\/index.php\/wp-json\/wp\/v2\/media?parent=9452"}],"wp:term":[{"taxonomy":"product_cat","embeddable":true,"href":"https:\/\/arcalum.cl\/index.php\/wp-json\/wp\/v2\/product_cat?post=9452"},{"taxonomy":"product_tag","embeddable":true,"href":"https:\/\/arcalum.cl\/index.php\/wp-json\/wp\/v2\/product_tag?post=9452"}],"curies":[{"name":"wp","href":"https:\/\/api.w.org\/{rel}","templated":true}]}}