{"id":9463,"date":"2023-10-26T18:55:59","date_gmt":"2023-10-26T18:55:59","guid":{"rendered":"https:\/\/arcalum.cl\/?post_type=product&#038;p=9463"},"modified":"2025-04-21T16:50:37","modified_gmt":"2025-04-21T16:50:37","slug":"shower-doors","status":"publish","type":"product","link":"https:\/\/arcalum.cl\/index.php\/producto\/shower-doors\/","title":{"rendered":"Instalaci\u00f3n Mamparas"},"content":{"rendered":"","protected":false},"excerpt":{"rendered":"<p style=\"text-align: justify;\">La instalaci\u00f3n de mamparas se refiere al proceso de colocar y asegurar mamparas en un espacio espec\u00edfico, como ba\u00f1os, duchas, o \u00e1reas de oficina, con el fin de dividir o delimitar el espacio de manera funcional y est\u00e9tica. Las mamparas son estructuras divisorias generalmente compuestas por paneles de vidrio, aunque tambi\u00e9n pueden estar hechas de otros materiales como acr\u00edlico, pl\u00e1stico o metal, montados en un marco que puede ser de aluminio, acero u otro material resistente.<\/p>\n","protected":false},"featured_media":9445,"template":"","meta":{"_joinchat":[]},"product_cat":[114],"product_tag":[],"class_list":{"0":"post-9463","1":"product","2":"type-product","3":"status-publish","4":"has-post-thumbnail","6":"product_cat-showers","8":"first","9":"instock","10":"shipping-taxable","11":"product-type-simple"},"acf":[],"_links":{"self":[{"href":"https:\/\/arcalum.cl\/index.php\/wp-json\/wp\/v2\/product\/9463"}],"collection":[{"href":"https:\/\/arcalum.cl\/index.php\/wp-json\/wp\/v2\/product"}],"about":[{"href":"https:\/\/arcalum.cl\/index.php\/wp-json\/wp\/v2\/types\/product"}],"wp:featuredmedia":[{"embeddable":true,"href":"https:\/\/arcalum.cl\/index.php\/wp-json\/wp\/v2\/media\/9445"}],"wp:attachment":[{"href":"https:\/\/arcalum.cl\/index.php\/wp-json\/wp\/v2\/media?parent=9463"}],"wp:term":[{"taxonomy":"product_cat","embeddable":true,"href":"https:\/\/arcalum.cl\/index.php\/wp-json\/wp\/v2\/product_cat?post=9463"},{"taxonomy":"product_tag","embeddable":true,"href":"https:\/\/arcalum.cl\/index.php\/wp-json\/wp\/v2\/product_tag?post=9463"}],"curies":[{"name":"wp","href":"https:\/\/api.w.org\/{rel}","templated":true}]}}