{"id":9464,"date":"2023-10-26T18:57:00","date_gmt":"2023-10-26T18:57:00","guid":{"rendered":"https:\/\/arcalum.cl\/?post_type=product&#038;p=9464"},"modified":"2025-04-21T16:57:05","modified_gmt":"2025-04-21T16:57:05","slug":"showerdoor2","status":"publish","type":"product","link":"https:\/\/arcalum.cl\/index.php\/producto\/showerdoor2\/","title":{"rendered":"Shower doors"},"content":{"rendered":"","protected":false},"excerpt":{"rendered":"<p style=\"text-align: justify;\">Las \u00abpuertas de aluminio\u00bb son puertas que est\u00e1n hechas principalmente de aluminio o que tienen componentes significativos de este material en su estructura. El aluminio es ampliamente utilizado en la fabricaci\u00f3n de puertas debido a su durabilidad, resistencia a la corrosi\u00f3n y su capacidad para soportar condiciones clim\u00e1ticas adversas.<\/p>\n","protected":false},"featured_media":9443,"template":"","meta":{"_joinchat":[]},"product_cat":[114],"product_tag":[],"class_list":{"0":"post-9464","1":"product","2":"type-product","3":"status-publish","4":"has-post-thumbnail","6":"product_cat-showers","8":"first","9":"instock","10":"shipping-taxable","11":"product-type-simple"},"acf":[],"_links":{"self":[{"href":"https:\/\/arcalum.cl\/index.php\/wp-json\/wp\/v2\/product\/9464"}],"collection":[{"href":"https:\/\/arcalum.cl\/index.php\/wp-json\/wp\/v2\/product"}],"about":[{"href":"https:\/\/arcalum.cl\/index.php\/wp-json\/wp\/v2\/types\/product"}],"wp:featuredmedia":[{"embeddable":true,"href":"https:\/\/arcalum.cl\/index.php\/wp-json\/wp\/v2\/media\/9443"}],"wp:attachment":[{"href":"https:\/\/arcalum.cl\/index.php\/wp-json\/wp\/v2\/media?parent=9464"}],"wp:term":[{"taxonomy":"product_cat","embeddable":true,"href":"https:\/\/arcalum.cl\/index.php\/wp-json\/wp\/v2\/product_cat?post=9464"},{"taxonomy":"product_tag","embeddable":true,"href":"https:\/\/arcalum.cl\/index.php\/wp-json\/wp\/v2\/product_tag?post=9464"}],"curies":[{"name":"wp","href":"https:\/\/api.w.org\/{rel}","templated":true}]}}