{"id":9465,"date":"2023-10-26T18:59:09","date_gmt":"2023-10-26T18:59:09","guid":{"rendered":"https:\/\/arcalum.cl\/?post_type=product&#038;p=9465"},"modified":"2025-04-21T16:53:56","modified_gmt":"2025-04-21T16:53:56","slug":"puerta","status":"publish","type":"product","link":"https:\/\/arcalum.cl\/index.php\/producto\/puerta\/","title":{"rendered":"Puertas Aluminio Santiago"},"content":{"rendered":"","protected":false},"excerpt":{"rendered":"<p style=\"text-align: justify;\">Las puertas de aluminio se utilizan tanto en interiores como en exteriores, en una amplia gama de aplicaciones, incluyendo puertas de entrada principal, puertas de patio, puertas corredizas, puertas plegables y m\u00e1s. Adem\u00e1s, la instalaci\u00f3n de puertas de aluminio en Santiago se realiza generalmente por profesionales experimentados para garantizar un ajuste adecuado y una funcionalidad \u00f3ptima.<\/p>\n","protected":false},"featured_media":9438,"template":"","meta":{"_joinchat":[]},"product_cat":[114],"product_tag":[],"class_list":{"0":"post-9465","1":"product","2":"type-product","3":"status-publish","4":"has-post-thumbnail","6":"product_cat-showers","8":"first","9":"instock","10":"shipping-taxable","11":"product-type-simple"},"acf":[],"_links":{"self":[{"href":"https:\/\/arcalum.cl\/index.php\/wp-json\/wp\/v2\/product\/9465"}],"collection":[{"href":"https:\/\/arcalum.cl\/index.php\/wp-json\/wp\/v2\/product"}],"about":[{"href":"https:\/\/arcalum.cl\/index.php\/wp-json\/wp\/v2\/types\/product"}],"wp:featuredmedia":[{"embeddable":true,"href":"https:\/\/arcalum.cl\/index.php\/wp-json\/wp\/v2\/media\/9438"}],"wp:attachment":[{"href":"https:\/\/arcalum.cl\/index.php\/wp-json\/wp\/v2\/media?parent=9465"}],"wp:term":[{"taxonomy":"product_cat","embeddable":true,"href":"https:\/\/arcalum.cl\/index.php\/wp-json\/wp\/v2\/product_cat?post=9465"},{"taxonomy":"product_tag","embeddable":true,"href":"https:\/\/arcalum.cl\/index.php\/wp-json\/wp\/v2\/product_tag?post=9465"}],"curies":[{"name":"wp","href":"https:\/\/api.w.org\/{rel}","templated":true}]}}