{"id":9534,"date":"2023-11-07T12:32:25","date_gmt":"2023-11-07T12:32:25","guid":{"rendered":"https:\/\/arcalum.cl\/?post_type=product&#038;p=9534"},"modified":"2025-04-21T16:55:45","modified_gmt":"2025-04-21T16:55:45","slug":"shower-door","status":"publish","type":"product","link":"https:\/\/arcalum.cl\/index.php\/producto\/shower-door\/","title":{"rendered":"Shower Door"},"content":{"rendered":"","protected":false},"excerpt":{"rendered":"<p style=\"text-align: justify;\">Una \u00abshower door\u00bb es un t\u00e9rmino en ingl\u00e9s que se refiere a una puerta dise\u00f1ada espec\u00edficamente para su uso en duchas o ba\u00f1os. Estas puertas est\u00e1n especialmente construidas para proporcionar un cierre herm\u00e9tico y evitar que el agua salga de la ducha mientras est\u00e1 en uso. Son una alternativa com\u00fan a las cortinas de ducha tradicionales y est\u00e1n disponibles en una variedad de estilos y materiales.<\/p>\n","protected":false},"featured_media":9533,"template":"","meta":{"_joinchat":[]},"product_cat":[114],"product_tag":[],"class_list":{"0":"post-9534","1":"product","2":"type-product","3":"status-publish","4":"has-post-thumbnail","6":"product_cat-showers","8":"first","9":"instock","10":"shipping-taxable","11":"product-type-simple"},"acf":[],"_links":{"self":[{"href":"https:\/\/arcalum.cl\/index.php\/wp-json\/wp\/v2\/product\/9534"}],"collection":[{"href":"https:\/\/arcalum.cl\/index.php\/wp-json\/wp\/v2\/product"}],"about":[{"href":"https:\/\/arcalum.cl\/index.php\/wp-json\/wp\/v2\/types\/product"}],"wp:featuredmedia":[{"embeddable":true,"href":"https:\/\/arcalum.cl\/index.php\/wp-json\/wp\/v2\/media\/9533"}],"wp:attachment":[{"href":"https:\/\/arcalum.cl\/index.php\/wp-json\/wp\/v2\/media?parent=9534"}],"wp:term":[{"taxonomy":"product_cat","embeddable":true,"href":"https:\/\/arcalum.cl\/index.php\/wp-json\/wp\/v2\/product_cat?post=9534"},{"taxonomy":"product_tag","embeddable":true,"href":"https:\/\/arcalum.cl\/index.php\/wp-json\/wp\/v2\/product_tag?post=9534"}],"curies":[{"name":"wp","href":"https:\/\/api.w.org\/{rel}","templated":true}]}}