{"id":9537,"date":"2023-11-07T12:37:30","date_gmt":"2023-11-07T12:37:30","guid":{"rendered":"https:\/\/arcalum.cl\/?post_type=product&#038;p=9537"},"modified":"2025-04-21T14:46:24","modified_gmt":"2025-04-21T14:46:24","slug":"puerta-en-aluminio","status":"publish","type":"product","link":"https:\/\/arcalum.cl\/index.php\/producto\/puerta-en-aluminio\/","title":{"rendered":"Puerta con PVC"},"content":{"rendered":"","protected":false},"excerpt":{"rendered":"<p style=\"text-align: justify;\">Una puerta de PVC es una puerta cuya estructura est\u00e1 principalmente compuesta por policloruro de vinilo (PVC), un tipo de pl\u00e1stico durable y vers\u00e1til. Estas puertas son conocidas por su resistencia a la corrosi\u00f3n, a la humedad y a los cambios clim\u00e1ticos, lo que las hace adecuadas para su uso en interiores y exteriores.<\/p>\n","protected":false},"featured_media":9530,"template":"","meta":{"_joinchat":[]},"product_cat":[113],"product_tag":[],"class_list":{"0":"post-9537","1":"product","2":"type-product","3":"status-publish","4":"has-post-thumbnail","6":"product_cat-ventanas","8":"first","9":"instock","10":"shipping-taxable","11":"product-type-simple"},"acf":[],"_links":{"self":[{"href":"https:\/\/arcalum.cl\/index.php\/wp-json\/wp\/v2\/product\/9537"}],"collection":[{"href":"https:\/\/arcalum.cl\/index.php\/wp-json\/wp\/v2\/product"}],"about":[{"href":"https:\/\/arcalum.cl\/index.php\/wp-json\/wp\/v2\/types\/product"}],"wp:featuredmedia":[{"embeddable":true,"href":"https:\/\/arcalum.cl\/index.php\/wp-json\/wp\/v2\/media\/9530"}],"wp:attachment":[{"href":"https:\/\/arcalum.cl\/index.php\/wp-json\/wp\/v2\/media?parent=9537"}],"wp:term":[{"taxonomy":"product_cat","embeddable":true,"href":"https:\/\/arcalum.cl\/index.php\/wp-json\/wp\/v2\/product_cat?post=9537"},{"taxonomy":"product_tag","embeddable":true,"href":"https:\/\/arcalum.cl\/index.php\/wp-json\/wp\/v2\/product_tag?post=9537"}],"curies":[{"name":"wp","href":"https:\/\/api.w.org\/{rel}","templated":true}]}}