{"id":9540,"date":"2023-11-07T12:42:14","date_gmt":"2023-11-07T12:42:14","guid":{"rendered":"https:\/\/arcalum.cl\/?post_type=product&#038;p=9540"},"modified":"2025-04-21T14:45:54","modified_gmt":"2025-04-21T14:45:54","slug":"puerta-aluminio","status":"publish","type":"product","link":"https:\/\/arcalum.cl\/index.php\/producto\/puerta-aluminio\/","title":{"rendered":"Puerta Aluminio"},"content":{"rendered":"","protected":false},"excerpt":{"rendered":"<p style=\"text-align: justify;\">Una de las caracter\u00edsticas m\u00e1s destacadas de las puertas de aluminio es su ligereza, lo que facilita su instalaci\u00f3n y operaci\u00f3n. Adem\u00e1s, el aluminio es un excelente conductor t\u00e9rmico, lo que significa que estas puertas pueden proporcionar un buen aislamiento t\u00e9rmico, ayudando a mantener la temperatura interior de un espacio.<\/p>\n","protected":false},"featured_media":9528,"template":"","meta":{"_joinchat":[]},"product_cat":[113],"product_tag":[],"class_list":{"0":"post-9540","1":"product","2":"type-product","3":"status-publish","4":"has-post-thumbnail","6":"product_cat-ventanas","8":"first","9":"instock","10":"shipping-taxable","11":"product-type-simple"},"acf":[],"_links":{"self":[{"href":"https:\/\/arcalum.cl\/index.php\/wp-json\/wp\/v2\/product\/9540"}],"collection":[{"href":"https:\/\/arcalum.cl\/index.php\/wp-json\/wp\/v2\/product"}],"about":[{"href":"https:\/\/arcalum.cl\/index.php\/wp-json\/wp\/v2\/types\/product"}],"wp:featuredmedia":[{"embeddable":true,"href":"https:\/\/arcalum.cl\/index.php\/wp-json\/wp\/v2\/media\/9528"}],"wp:attachment":[{"href":"https:\/\/arcalum.cl\/index.php\/wp-json\/wp\/v2\/media?parent=9540"}],"wp:term":[{"taxonomy":"product_cat","embeddable":true,"href":"https:\/\/arcalum.cl\/index.php\/wp-json\/wp\/v2\/product_cat?post=9540"},{"taxonomy":"product_tag","embeddable":true,"href":"https:\/\/arcalum.cl\/index.php\/wp-json\/wp\/v2\/product_tag?post=9540"}],"curies":[{"name":"wp","href":"https:\/\/api.w.org\/{rel}","templated":true}]}}