{"id":9541,"date":"2023-11-07T12:42:57","date_gmt":"2023-11-07T12:42:57","guid":{"rendered":"https:\/\/arcalum.cl\/?post_type=product&#038;p=9541"},"modified":"2025-04-21T14:43:29","modified_gmt":"2025-04-21T14:43:29","slug":"mamparas-para-colegios","status":"publish","type":"product","link":"https:\/\/arcalum.cl\/index.php\/producto\/mamparas-para-colegios\/","title":{"rendered":"Mamparas para Colegios"},"content":{"rendered":"","protected":false},"excerpt":{"rendered":"<p style=\"text-align: justify;\">Las mamparas para colegios suelen estar fabricadas con materiales duraderos y f\u00e1ciles de limpiar, como el aluminio o el PVC, que son resistentes al desgaste y garantizan una larga vida \u00fatil. Estas estructuras pueden ser fijas o m\u00f3viles, lo que permite una flexibilidad en la disposici\u00f3n de las aulas o \u00e1reas de trabajo seg\u00fan las necesidades cambiantes de la instituci\u00f3n educativa.<\/p>\n","protected":false},"featured_media":9527,"template":"","meta":{"_joinchat":[]},"product_cat":[113],"product_tag":[],"class_list":{"0":"post-9541","1":"product","2":"type-product","3":"status-publish","4":"has-post-thumbnail","6":"product_cat-ventanas","8":"first","9":"instock","10":"shipping-taxable","11":"product-type-simple"},"acf":[],"_links":{"self":[{"href":"https:\/\/arcalum.cl\/index.php\/wp-json\/wp\/v2\/product\/9541"}],"collection":[{"href":"https:\/\/arcalum.cl\/index.php\/wp-json\/wp\/v2\/product"}],"about":[{"href":"https:\/\/arcalum.cl\/index.php\/wp-json\/wp\/v2\/types\/product"}],"wp:featuredmedia":[{"embeddable":true,"href":"https:\/\/arcalum.cl\/index.php\/wp-json\/wp\/v2\/media\/9527"}],"wp:attachment":[{"href":"https:\/\/arcalum.cl\/index.php\/wp-json\/wp\/v2\/media?parent=9541"}],"wp:term":[{"taxonomy":"product_cat","embeddable":true,"href":"https:\/\/arcalum.cl\/index.php\/wp-json\/wp\/v2\/product_cat?post=9541"},{"taxonomy":"product_tag","embeddable":true,"href":"https:\/\/arcalum.cl\/index.php\/wp-json\/wp\/v2\/product_tag?post=9541"}],"curies":[{"name":"wp","href":"https:\/\/api.w.org\/{rel}","templated":true}]}}