{"id":9543,"date":"2023-11-07T12:44:46","date_gmt":"2023-11-07T12:44:46","guid":{"rendered":"https:\/\/arcalum.cl\/?post_type=product&#038;p=9543"},"modified":"2025-04-21T16:52:31","modified_gmt":"2025-04-21T16:52:31","slug":"mamparas-de-bano","status":"publish","type":"product","link":"https:\/\/arcalum.cl\/index.php\/producto\/mamparas-de-bano\/","title":{"rendered":"Mamparas de Ba\u00f1o"},"content":{"rendered":"","protected":false},"excerpt":{"rendered":"<p style=\"text-align: justify;\">La instalaci\u00f3n de una mampara de ba\u00f1o suele requerir de profesionales especializados para garantizar un ajuste preciso y una correcta fijaci\u00f3n, asegurando as\u00ed su estabilidad y funcionalidad a largo plazo. Una vez instalada, la mampara de ba\u00f1o no solo cumple una funci\u00f3n pr\u00e1ctica al contener el agua durante el ba\u00f1o, sino que tambi\u00e9n contribuye a la est\u00e9tica y comodidad del cuarto de ba\u00f1o en general.<\/p>\n","protected":false},"featured_media":9525,"template":"","meta":{"_joinchat":[]},"product_cat":[114],"product_tag":[],"class_list":{"0":"post-9543","1":"product","2":"type-product","3":"status-publish","4":"has-post-thumbnail","6":"product_cat-showers","8":"first","9":"instock","10":"shipping-taxable","11":"product-type-simple"},"acf":[],"_links":{"self":[{"href":"https:\/\/arcalum.cl\/index.php\/wp-json\/wp\/v2\/product\/9543"}],"collection":[{"href":"https:\/\/arcalum.cl\/index.php\/wp-json\/wp\/v2\/product"}],"about":[{"href":"https:\/\/arcalum.cl\/index.php\/wp-json\/wp\/v2\/types\/product"}],"wp:featuredmedia":[{"embeddable":true,"href":"https:\/\/arcalum.cl\/index.php\/wp-json\/wp\/v2\/media\/9525"}],"wp:attachment":[{"href":"https:\/\/arcalum.cl\/index.php\/wp-json\/wp\/v2\/media?parent=9543"}],"wp:term":[{"taxonomy":"product_cat","embeddable":true,"href":"https:\/\/arcalum.cl\/index.php\/wp-json\/wp\/v2\/product_cat?post=9543"},{"taxonomy":"product_tag","embeddable":true,"href":"https:\/\/arcalum.cl\/index.php\/wp-json\/wp\/v2\/product_tag?post=9543"}],"curies":[{"name":"wp","href":"https:\/\/api.w.org\/{rel}","templated":true}]}}