{"id":9564,"date":"2023-11-07T13:36:56","date_gmt":"2023-11-07T13:36:56","guid":{"rendered":"https:\/\/arcalum.cl\/?post_type=product&#038;p=9564"},"modified":"2025-04-21T14:33:46","modified_gmt":"2025-04-21T14:33:46","slug":"ventanas-termopaneles","status":"publish","type":"product","link":"https:\/\/arcalum.cl\/index.php\/producto\/ventanas-termopaneles\/","title":{"rendered":"Ventana Termopanel"},"content":{"rendered":"","protected":false},"excerpt":{"rendered":"<p style=\"text-align: justify;\">Las ventanas termopaneles, tambi\u00e9n conocidas como ventanas de doble acristalamiento o vidrio doble, son un tipo de ventana dise\u00f1ada con dos o m\u00e1s paneles de vidrio separados por una capa de aire o gas inerte, como el arg\u00f3n, y sellados herm\u00e9ticamente. Esta construcci\u00f3n crea una barrera t\u00e9rmica entre el interior y el exterior de un edificio, lo que proporciona una serie de beneficios.<\/p>\n","protected":false},"featured_media":9560,"template":"","meta":{"_joinchat":[]},"product_cat":[123,113],"product_tag":[],"class_list":{"0":"post-9564","1":"product","2":"type-product","3":"status-publish","4":"has-post-thumbnail","6":"product_cat-destacados-termopanel","7":"product_cat-ventanas","9":"first","10":"instock","11":"shipping-taxable","12":"product-type-simple"},"acf":[],"_links":{"self":[{"href":"https:\/\/arcalum.cl\/index.php\/wp-json\/wp\/v2\/product\/9564"}],"collection":[{"href":"https:\/\/arcalum.cl\/index.php\/wp-json\/wp\/v2\/product"}],"about":[{"href":"https:\/\/arcalum.cl\/index.php\/wp-json\/wp\/v2\/types\/product"}],"wp:featuredmedia":[{"embeddable":true,"href":"https:\/\/arcalum.cl\/index.php\/wp-json\/wp\/v2\/media\/9560"}],"wp:attachment":[{"href":"https:\/\/arcalum.cl\/index.php\/wp-json\/wp\/v2\/media?parent=9564"}],"wp:term":[{"taxonomy":"product_cat","embeddable":true,"href":"https:\/\/arcalum.cl\/index.php\/wp-json\/wp\/v2\/product_cat?post=9564"},{"taxonomy":"product_tag","embeddable":true,"href":"https:\/\/arcalum.cl\/index.php\/wp-json\/wp\/v2\/product_tag?post=9564"}],"curies":[{"name":"wp","href":"https:\/\/api.w.org\/{rel}","templated":true}]}}