{"id":9565,"date":"2023-11-07T13:39:21","date_gmt":"2023-11-07T13:39:21","guid":{"rendered":"https:\/\/arcalum.cl\/?post_type=product&#038;p=9565"},"modified":"2025-04-21T16:46:54","modified_gmt":"2025-04-21T16:46:54","slug":"ventanas-parcelas","status":"publish","type":"product","link":"https:\/\/arcalum.cl\/index.php\/producto\/ventanas-parcelas\/","title":{"rendered":"Ventanas Parcelas"},"content":{"rendered":"","protected":false},"excerpt":{"rendered":"<p style=\"text-align: justify;\">Las \u00abventanas para parcelas\u00bb son ventanas dise\u00f1adas para instalarse en edificaciones ubicadas en terrenos suburbanos o rurales, com\u00fanmente conocidos como parcelas. Estas ventanas est\u00e1n adaptadas para cumplir con las necesidades espec\u00edficas de este tipo de entorno, que pueden diferir de las de las \u00e1reas urbanas.<\/p>\n","protected":false},"featured_media":9559,"template":"","meta":{"_joinchat":[]},"product_cat":[113],"product_tag":[],"class_list":{"0":"post-9565","1":"product","2":"type-product","3":"status-publish","4":"has-post-thumbnail","6":"product_cat-ventanas","8":"first","9":"instock","10":"shipping-taxable","11":"product-type-simple"},"acf":[],"_links":{"self":[{"href":"https:\/\/arcalum.cl\/index.php\/wp-json\/wp\/v2\/product\/9565"}],"collection":[{"href":"https:\/\/arcalum.cl\/index.php\/wp-json\/wp\/v2\/product"}],"about":[{"href":"https:\/\/arcalum.cl\/index.php\/wp-json\/wp\/v2\/types\/product"}],"wp:featuredmedia":[{"embeddable":true,"href":"https:\/\/arcalum.cl\/index.php\/wp-json\/wp\/v2\/media\/9559"}],"wp:attachment":[{"href":"https:\/\/arcalum.cl\/index.php\/wp-json\/wp\/v2\/media?parent=9565"}],"wp:term":[{"taxonomy":"product_cat","embeddable":true,"href":"https:\/\/arcalum.cl\/index.php\/wp-json\/wp\/v2\/product_cat?post=9565"},{"taxonomy":"product_tag","embeddable":true,"href":"https:\/\/arcalum.cl\/index.php\/wp-json\/wp\/v2\/product_tag?post=9565"}],"curies":[{"name":"wp","href":"https:\/\/api.w.org\/{rel}","templated":true}]}}