{"id":9576,"date":"2023-11-07T13:46:37","date_gmt":"2023-11-07T13:46:37","guid":{"rendered":"https:\/\/arcalum.cl\/?post_type=product&#038;p=9576"},"modified":"2025-04-21T14:50:04","modified_gmt":"2025-04-21T14:50:04","slug":"termopaneles-de-aluminio","status":"publish","type":"product","link":"https:\/\/arcalum.cl\/index.php\/producto\/termopaneles-de-aluminio\/","title":{"rendered":"Termopaneles con Aluminio"},"content":{"rendered":"","protected":false},"excerpt":{"rendered":"<p style=\"text-align: justify;\">Los termopaneles de aluminio son unidades de ventana que utilizan perfiles de aluminio en lugar de otros materiales, como el PVC o la madera, para enmarcar los paneles de vidrio. Estos termopaneles consisten en dos o m\u00e1s paneles de vidrio separados por una c\u00e1mara de aire deshidratado o gas arg\u00f3n, sellados dentro de un marco de aluminio.<\/p>\n","protected":false},"featured_media":9548,"template":"","meta":{"_joinchat":[]},"product_cat":[113],"product_tag":[],"class_list":{"0":"post-9576","1":"product","2":"type-product","3":"status-publish","4":"has-post-thumbnail","6":"product_cat-ventanas","8":"first","9":"instock","10":"shipping-taxable","11":"product-type-simple"},"acf":[],"_links":{"self":[{"href":"https:\/\/arcalum.cl\/index.php\/wp-json\/wp\/v2\/product\/9576"}],"collection":[{"href":"https:\/\/arcalum.cl\/index.php\/wp-json\/wp\/v2\/product"}],"about":[{"href":"https:\/\/arcalum.cl\/index.php\/wp-json\/wp\/v2\/types\/product"}],"wp:featuredmedia":[{"embeddable":true,"href":"https:\/\/arcalum.cl\/index.php\/wp-json\/wp\/v2\/media\/9548"}],"wp:attachment":[{"href":"https:\/\/arcalum.cl\/index.php\/wp-json\/wp\/v2\/media?parent=9576"}],"wp:term":[{"taxonomy":"product_cat","embeddable":true,"href":"https:\/\/arcalum.cl\/index.php\/wp-json\/wp\/v2\/product_cat?post=9576"},{"taxonomy":"product_tag","embeddable":true,"href":"https:\/\/arcalum.cl\/index.php\/wp-json\/wp\/v2\/product_tag?post=9576"}],"curies":[{"name":"wp","href":"https:\/\/api.w.org\/{rel}","templated":true}]}}