{"id":9578,"date":"2023-11-07T13:47:47","date_gmt":"2023-11-07T13:47:47","guid":{"rendered":"https:\/\/arcalum.cl\/?post_type=product&#038;p=9578"},"modified":"2025-04-21T14:37:00","modified_gmt":"2025-04-21T14:37:00","slug":"fabricacion-de-ventanas","status":"publish","type":"product","link":"https:\/\/arcalum.cl\/index.php\/producto\/fabricacion-de-ventanas\/","title":{"rendered":"Fabricaci\u00f3n de Ventanas Termopanel"},"content":{"rendered":"","protected":false},"excerpt":{"rendered":"<p style=\"text-align: justify;\">Nos especializamos en la fabricaci\u00f3n de ventanas termopanel, una opci\u00f3n moderna y eficiente que proporciona un excelente aislamiento t\u00e9rmico y ac\u00fastico.<\/p>\n<p style=\"text-align: justify;\">Con una amplia gama de opciones disponibles que van desde ventanas corredizas hasta ventanas proyectantes, nuestra f\u00e1brica de ventanas est\u00e1 comprometida con la excelencia en cada paso del proceso con el objetivo de proporcionar soluciones personalizadas que satisfagan las necesidades espec\u00edficas de cada cliente. Nuestra fabricaci\u00f3n de ventanas combina la innovaci\u00f3n, la calidad y la atenci\u00f3n al detalle para ofrecer productos que cumplen con las expectativas m\u00e1s exigentes<\/p>\n","protected":false},"featured_media":9546,"template":"","meta":{"_joinchat":[]},"product_cat":[123,113],"product_tag":[],"class_list":{"0":"post-9578","1":"product","2":"type-product","3":"status-publish","4":"has-post-thumbnail","6":"product_cat-destacados-termopanel","7":"product_cat-ventanas","9":"first","10":"instock","11":"shipping-taxable","12":"product-type-simple"},"acf":[],"_links":{"self":[{"href":"https:\/\/arcalum.cl\/index.php\/wp-json\/wp\/v2\/product\/9578"}],"collection":[{"href":"https:\/\/arcalum.cl\/index.php\/wp-json\/wp\/v2\/product"}],"about":[{"href":"https:\/\/arcalum.cl\/index.php\/wp-json\/wp\/v2\/types\/product"}],"wp:featuredmedia":[{"embeddable":true,"href":"https:\/\/arcalum.cl\/index.php\/wp-json\/wp\/v2\/media\/9546"}],"wp:attachment":[{"href":"https:\/\/arcalum.cl\/index.php\/wp-json\/wp\/v2\/media?parent=9578"}],"wp:term":[{"taxonomy":"product_cat","embeddable":true,"href":"https:\/\/arcalum.cl\/index.php\/wp-json\/wp\/v2\/product_cat?post=9578"},{"taxonomy":"product_tag","embeddable":true,"href":"https:\/\/arcalum.cl\/index.php\/wp-json\/wp\/v2\/product_tag?post=9578"}],"curies":[{"name":"wp","href":"https:\/\/api.w.org\/{rel}","templated":true}]}}